{"id":899,"date":"2022-03-13T19:39:13","date_gmt":"2022-03-13T22:39:13","guid":{"rendered":"https:\/\/scarlettseixas.com.br\/blog\/?page_id=899"},"modified":"2023-07-11T15:27:36","modified_gmt":"2023-07-11T18:27:36","slug":"sobre-o-blog","status":"publish","type":"page","link":"https:\/\/scarlettseixas.com.br\/blog\/sobre-o-blog\/","title":{"rendered":"Sobre o Blog"},"content":{"rendered":"\t\t<div data-elementor-type=\"wp-page\" data-elementor-id=\"899\" class=\"elementor elementor-899\" data-elementor-settings=\"[]\">\n\t\t\t\t\t\t\t<div class=\"elementor-section-wrap\">\n\t\t\t\t\t\t\t<section class=\"elementor-section elementor-top-section elementor-element elementor-element-c8c81bd elementor-section-boxed elementor-section-height-default elementor-section-height-default\" data-id=\"c8c81bd\" data-element_type=\"section\">\n\t\t\t\t\t\t<div class=\"elementor-container elementor-column-gap-default\">\n\t\t\t\t\t<div class=\"elementor-column elementor-col-100 elementor-top-column elementor-element elementor-element-82e2377\" data-id=\"82e2377\" data-element_type=\"column\">\n\t\t\t<div class=\"elementor-widget-wrap elementor-element-populated\">\n\t\t\t\t\t\t\t\t<div class=\"elementor-element elementor-element-55cef01 elementor-widget elementor-widget-heading\" data-id=\"55cef01\" data-element_type=\"widget\" data-widget_type=\"heading.default\">\n\t\t\t\t<div class=\"elementor-widget-container\">\n\t\t\t<h2 class=\"elementor-heading-title elementor-size-default\">Sobre o blog<\/h2>\t\t<\/div>\n\t\t\t\t<\/div>\n\t\t\t\t<div class=\"elementor-element elementor-element-dcd6632 elementor-widget elementor-widget-text-editor\" data-id=\"dcd6632\" data-element_type=\"widget\" data-widget_type=\"text-editor.default\">\n\t\t\t\t<div class=\"elementor-widget-container\">\n\t\t\t\t\t\t\t<p>Bem-vindo(a) ao universo de Scarlett Seixas, um blog que te convida a embarcar em uma empolgante <a href=\"https:\/\/scarlettseixas.com.br\/blog\/pratica-de-gratidao-cultive-a-gratidao-diariamente-reconhecendo-e-valorizando-as-coisas-positivas-em-sua-vida\/\">jornada<\/a> de descobertas e explorar um <a href=\"https:\/\/scarlettseixas.com.br\/blog\/barbiecore-o-que-e-e-como-aderir-ao-estilo-que-enaltece-o-rosa-choque-da-barbie\/\">estilo<\/a> de vida vibrante. Aqui, voc\u00ea encontrar\u00e1 uma combina\u00e7\u00e3o \u00fanica de <a href=\"https:\/\/scarlettseixas.com.br\/blog\/salario-de-the-rock-bate-recorde-entre-as-estrelas-de-hollywood-entenda\/\">entretenimento<\/a>, gastronomia e <a href=\"https:\/\/scarlettseixas.com.br\/blog\/celebrando-o-sabor-e-a-historia-da-india-pale-ale-no-dia-internacional-da-ipa\/\">cerveja<\/a>, tudo em sintonia com um aut\u00eantico Lifestyle.<\/p>\n<p><\/p>\n<p>Neste espa\u00e7o, compartilho meu estilo de vida e paix\u00f5es, trazendo not\u00edcias atualizadas sobre o mundo do entretenimento, <a href=\"https:\/\/scarlettseixas.com.br\/blog\/descubra-o-seu-estilo-de-solteiro-com-a-ajuda-do-tinder-no-dia-dos-solteiros\/\">experi\u00eancias<\/a> gastron\u00f4micas irresist\u00edveis e insights sobre assuntos gerais que impactam o nosso dia a dia. Acredito que a vida deve ser vivida com entusiasmo, e \u00e9 isso que voc\u00ea encontrar\u00e1 aqui: <a href=\"https:\/\/scarlettseixas.com.br\/blog\/a-historia-inspiradora-de-ruth-handler-a-mente-brilhante-por-tras-da-barbie\/\">inspira\u00e7\u00e3o<\/a> para desfrutar de cada momento ao m\u00e1ximo.<\/p>\n<p><\/p>\n<p>Prepare-se para explorar novos <a href=\"https:\/\/scarlettseixas.com.br\/blog\/7-filmes-estao-fazendo-sucesso-no-prime-video-e-voce-ainda-nao-viu\/\">filmes<\/a>, s\u00e9ries, m\u00fasicas e <a href=\"https:\/\/scarlettseixas.com.br\/blog\/selina-e-corona-se-unem-para-inspirar-viajantes-a-se-reconectarem-com-a-natureza\/\">eventos<\/a> que est\u00e3o movimentando a cena cultural. Al\u00e9m disso, vou <a href=\"https:\/\/scarlettseixas.com.br\/blog\/beats-senses-473ml-a-nova-sensacao-nas-festas-do-rio-de-janeiro-e-minas-gerais\/\">compartilhar<\/a> dicas gastron\u00f4micas e descobertas no mundo da cerveja, para que voc\u00ea possa experimentar sabores surpreendentes e apreciar uma boa <a href=\"https:\/\/scarlettseixas.com.br\/blog\/cafe-tradicional-superior-e-gourmet-entenda-as-diferencas-e-desperte-seus-sentidos\/\">bebida<\/a>.<\/p>\n<p><\/p>\n<p>O blog Scarlett Seixas \u00e9 mais do que um espa\u00e7o de entretenimento e gastronomia. \u00c9 um convite para viver um estilo de vida aut\u00eantico e cheio de personalidade. Aqui, voc\u00ea encontrar\u00e1 insights sobre <a href=\"https:\/\/scarlettseixas.com.br\/blog\/lingerie-day-empoderamento-e-respeito-ao-corpo-feminino\/\">moda<\/a>, <a href=\"https:\/\/scarlettseixas.com.br\/blog\/autocompaixao-trate-se-com-gentileza-e-compreensao-praticando-a-autocompaixao-diante-dos-desafios-e-erros\/\">bem-estar<\/a>, viagens e tudo o que contribui para um Lifestyle inspirador.<\/p>\n<p><\/p>\n<p>Sinta-se \u00e0 vontade para explorar os diversos conte\u00fados, deixar coment\u00e1rios e compartilhar suas pr\u00f3prias experi\u00eancias. Afinal, aqui no universo de Scarlett Seixas, a jornada de descobertas \u00e9 feita em conjunto.<\/p>\n<p><\/p>\n<p>Ent\u00e3o, vamos come\u00e7ar essa incr\u00edvel aventura juntos? Explore, inspire-se e descubra um novo mundo de entretenimento, gastronomia e Lifestyle aqui no blog Scarlett Seixas.<\/p>\t\t\t\t\t\t<\/div>\n\t\t\t\t<\/div>\n\t\t\t\t\t<\/div>\n\t\t<\/div>\n\t\t\t\t\t\t\t<\/div>\n\t\t<\/section>\n\t\t\t\t<section class=\"elementor-section elementor-top-section elementor-element elementor-element-60abfbe elementor-section-boxed elementor-section-height-default elementor-section-height-default\" data-id=\"60abfbe\" data-element_type=\"section\">\n\t\t\t\t\t\t<div class=\"elementor-container elementor-column-gap-default\">\n\t\t\t\t\t<div class=\"elementor-column elementor-col-100 elementor-top-column elementor-element elementor-element-9f7ef26\" data-id=\"9f7ef26\" data-element_type=\"column\">\n\t\t\t<div class=\"elementor-widget-wrap elementor-element-populated\">\n\t\t\t\t\t\t\t\t<div class=\"elementor-element elementor-element-753fd74 elementor-widget elementor-widget-heading\" data-id=\"753fd74\" data-element_type=\"widget\" data-widget_type=\"heading.default\">\n\t\t\t\t<div class=\"elementor-widget-container\">\n\t\t\t<h2 class=\"elementor-heading-title elementor-size-default\">Sobre mim<\/h2>\t\t<\/div>\n\t\t\t\t<\/div>\n\t\t\t\t<div class=\"elementor-element elementor-element-1ef5f44 elementor-widget elementor-widget-image\" data-id=\"1ef5f44\" data-element_type=\"widget\" data-widget_type=\"image.default\">\n\t\t\t\t<div class=\"elementor-widget-container\">\n\t\t\t\t\t\t\t\t\t\t\t\t\t\t\t<img loading=\"lazy\" decoding=\"async\" width=\"150\" height=\"150\" src=\"https:\/\/scarlettseixas.com.br\/blog\/wp-content\/uploads\/2022\/03\/icon-perfil-obs-150x150.png\" class=\"attachment-thumbnail size-thumbnail\" alt=\"\" srcset=\"https:\/\/scarlettseixas.com.br\/blog\/wp-content\/uploads\/2022\/03\/icon-perfil-obs-150x150.png 150w, https:\/\/scarlettseixas.com.br\/blog\/wp-content\/uploads\/2022\/03\/icon-perfil-obs-300x300.png 300w, https:\/\/scarlettseixas.com.br\/blog\/wp-content\/uploads\/2022\/03\/icon-perfil-obs.png 500w\" sizes=\"auto, (max-width: 150px) 100vw, 150px\" \/>\t\t\t\t\t\t\t\t\t\t\t\t\t\t\t<\/div>\n\t\t\t\t<\/div>\n\t\t\t\t\t<\/div>\n\t\t<\/div>\n\t\t\t\t\t\t\t<\/div>\n\t\t<\/section>\n\t\t\t\t<section class=\"elementor-section elementor-top-section elementor-element elementor-element-5ebffd48 elementor-section-boxed elementor-section-height-default elementor-section-height-default\" data-id=\"5ebffd48\" data-element_type=\"section\">\n\t\t\t\t\t\t<div class=\"elementor-container elementor-column-gap-default\">\n\t\t\t\t\t<div class=\"elementor-column elementor-col-100 elementor-top-column elementor-element elementor-element-650c0c4b\" data-id=\"650c0c4b\" data-element_type=\"column\">\n\t\t\t<div class=\"elementor-widget-wrap elementor-element-populated\">\n\t\t\t\t\t\t\t\t<div class=\"elementor-element elementor-element-508c1700 elementor-widget elementor-widget-text-editor\" data-id=\"508c1700\" data-element_type=\"widget\" data-widget_type=\"text-editor.default\">\n\t\t\t\t<div class=\"elementor-widget-container\">\n\t\t\t\t\t\t\t<p>Scarlett Seixas \u00e9 uma criadora de conte\u00fados, ga\u00facha e atualmente mora em Canoas\/RS. Gosta de moda, maquiagem, <a href=\"https:\/\/scarlettseixas.com.br\/blog\/dia-nacional-do-futebol-no-brasil-uma-paixao-que-encanta-geracoes\/\">futebol<\/a>, <a href=\"https:\/\/scarlettseixas.com.br\/blog\/celebracao-global-da-cerveja-dia-internacional-da-cerveja\/\">cerveja artesanal<\/a> e tudo que possa harmonizar com o meu estilo de vida. No <a href=\"https:\/\/scarlettseixas.com.br\/blog\/como-atualizar-o-instagram-sem-erro\/\">Instagram<\/a> possui mais 48 mil seguidores. Compartilha viagens, r\u00f3tulos de cerveja, maquiagens, looks, dicas de fa\u00e7a voc\u00ea mesmo e tudo sobre o meu dia-a-dia. O conte\u00fado \u00e9 amplo, por\u00e9m focado no est\u00edmulo de assuntos e a\u00e7\u00f5es. Mostra a vida de forma transparente e real com inten\u00e7\u00e3o de gerar <a href=\"https:\/\/scarlettseixas.com.br\/blog\/celebrando-a-beleza-interior-meu-caminho-para-o-amor-proprio-e-a-body-positivity\/\">autenticidade<\/a> e conex\u00f5es verdadeiras com a comunidade.<\/p>\t\t\t\t\t\t<\/div>\n\t\t\t\t<\/div>\n\t\t\t\t\t<\/div>\n\t\t<\/div>\n\t\t\t\t\t\t\t<\/div>\n\t\t<\/section>\n\t\t\t\t<section class=\"elementor-section elementor-top-section elementor-element elementor-element-42559aa elementor-section-boxed elementor-section-height-default elementor-section-height-default\" data-id=\"42559aa\" data-element_type=\"section\">\n\t\t\t\t\t\t<div class=\"elementor-container elementor-column-gap-default\">\n\t\t\t\t\t<div class=\"elementor-column elementor-col-100 elementor-top-column elementor-element elementor-element-8d3a359\" data-id=\"8d3a359\" data-element_type=\"column\">\n\t\t\t<div class=\"elementor-widget-wrap\">\n\t\t\t\t\t\t\t\t\t<\/div>\n\t\t<\/div>\n\t\t\t\t\t\t\t<\/div>\n\t\t<\/section>\n\t\t\t\t<section class=\"elementor-section elementor-top-section elementor-element elementor-element-f1a025c elementor-section-boxed elementor-section-height-default elementor-section-height-default\" data-id=\"f1a025c\" data-element_type=\"section\">\n\t\t\t\t\t\t<div class=\"elementor-container elementor-column-gap-default\">\n\t\t\t\t\t<div class=\"elementor-column elementor-col-20 elementor-top-column elementor-element elementor-element-e3cf6d3\" data-id=\"e3cf6d3\" data-element_type=\"column\">\n\t\t\t<div class=\"elementor-widget-wrap elementor-element-populated\">\n\t\t\t\t\t\t\t\t<div class=\"elementor-element elementor-element-2a19a82 elementor-view-default elementor-widget elementor-widget-icon\" data-id=\"2a19a82\" data-element_type=\"widget\" data-widget_type=\"icon.default\">\n\t\t\t\t<div class=\"elementor-widget-container\">\n\t\t\t\t\t<div class=\"elementor-icon-wrapper\">\n\t\t\t<a class=\"elementor-icon\" href=\"https:\/\/www.twitch.tv\/scarlett_seixas\">\n\t\t\t<i aria-hidden=\"true\" class=\"fab fa-twitch\"><\/i>\t\t\t<\/a>\n\t\t<\/div>\n\t\t\t\t<\/div>\n\t\t\t\t<\/div>\n\t\t\t\t\t<\/div>\n\t\t<\/div>\n\t\t\t\t<div class=\"elementor-column elementor-col-20 elementor-top-column elementor-element elementor-element-06df902\" data-id=\"06df902\" data-element_type=\"column\">\n\t\t\t<div class=\"elementor-widget-wrap elementor-element-populated\">\n\t\t\t\t\t\t\t\t<div class=\"elementor-element elementor-element-f3c395a elementor-view-default elementor-widget elementor-widget-icon\" data-id=\"f3c395a\" data-element_type=\"widget\" data-widget_type=\"icon.default\">\n\t\t\t\t<div class=\"elementor-widget-container\">\n\t\t\t\t\t<div class=\"elementor-icon-wrapper\">\n\t\t\t<a class=\"elementor-icon\" href=\"https:\/\/www.youtube.com\/ascarlettseixas\">\n\t\t\t<i aria-hidden=\"true\" class=\"fab fa-youtube\"><\/i>\t\t\t<\/a>\n\t\t<\/div>\n\t\t\t\t<\/div>\n\t\t\t\t<\/div>\n\t\t\t\t\t<\/div>\n\t\t<\/div>\n\t\t\t\t<div class=\"elementor-column elementor-col-20 elementor-top-column elementor-element elementor-element-168975e\" data-id=\"168975e\" data-element_type=\"column\">\n\t\t\t<div class=\"elementor-widget-wrap elementor-element-populated\">\n\t\t\t\t\t\t\t\t<div class=\"elementor-element elementor-element-a8667d0 elementor-view-default elementor-widget elementor-widget-icon\" data-id=\"a8667d0\" data-element_type=\"widget\" data-widget_type=\"icon.default\">\n\t\t\t\t<div class=\"elementor-widget-container\">\n\t\t\t\t\t<div class=\"elementor-icon-wrapper\">\n\t\t\t<a class=\"elementor-icon\" href=\"https:\/\/www.instagram.com\/scarlett_seixas\/\">\n\t\t\t<i aria-hidden=\"true\" class=\"fab fa-instagram\"><\/i>\t\t\t<\/a>\n\t\t<\/div>\n\t\t\t\t<\/div>\n\t\t\t\t<\/div>\n\t\t\t\t\t<\/div>\n\t\t<\/div>\n\t\t\t\t<div class=\"elementor-column elementor-col-20 elementor-top-column elementor-element elementor-element-7a7c10d\" data-id=\"7a7c10d\" data-element_type=\"column\">\n\t\t\t<div class=\"elementor-widget-wrap elementor-element-populated\">\n\t\t\t\t\t\t\t\t<div class=\"elementor-element elementor-element-c7496a8 elementor-view-default elementor-widget elementor-widget-icon\" data-id=\"c7496a8\" data-element_type=\"widget\" data-widget_type=\"icon.default\">\n\t\t\t\t<div class=\"elementor-widget-container\">\n\t\t\t\t\t<div class=\"elementor-icon-wrapper\">\n\t\t\t<a class=\"elementor-icon\" href=\"https:\/\/twitter.com\/scarlett_seixas\">\n\t\t\t<i aria-hidden=\"true\" class=\"fab fa-twitter\"><\/i>\t\t\t<\/a>\n\t\t<\/div>\n\t\t\t\t<\/div>\n\t\t\t\t<\/div>\n\t\t\t\t\t<\/div>\n\t\t<\/div>\n\t\t\t\t<div class=\"elementor-column elementor-col-20 elementor-top-column elementor-element elementor-element-84a843d\" data-id=\"84a843d\" data-element_type=\"column\">\n\t\t\t<div class=\"elementor-widget-wrap elementor-element-populated\">\n\t\t\t\t\t\t\t\t<div class=\"elementor-element elementor-element-34010ad elementor-view-default elementor-widget elementor-widget-icon\" data-id=\"34010ad\" data-element_type=\"widget\" data-widget_type=\"icon.default\">\n\t\t\t\t<div class=\"elementor-widget-container\">\n\t\t\t\t\t<div class=\"elementor-icon-wrapper\">\n\t\t\t<a class=\"elementor-icon\" href=\"https:\/\/www.tiktok.com\/@scarlett_seixas\">\n\t\t\t<i aria-hidden=\"true\" class=\"fab fa-tiktok\"><\/i>\t\t\t<\/a>\n\t\t<\/div>\n\t\t\t\t<\/div>\n\t\t\t\t<\/div>\n\t\t\t\t\t<\/div>\n\t\t<\/div>\n\t\t\t\t\t\t\t<\/div>\n\t\t<\/section>\n\t\t\t\t\t\t<\/div>\n\t\t\t\t\t<\/div>\n\t\t","protected":false},"excerpt":{"rendered":"<p>Sobre o blog Bem-vindo(a) ao universo de Scarlett Seixas, um blog que te convida a&#8230;<\/p>\n","protected":false},"author":1,"featured_media":0,"parent":0,"menu_order":0,"comment_status":"closed","ping_status":"closed","template":"elementor_header_footer","meta":{"footnotes":""},"class_list":["post-899","page","type-page","status-publish","hentry"],"yoast_head":"<!-- This site is optimized with the Yoast SEO plugin v21.9.1 - https:\/\/yoast.com\/wordpress\/plugins\/seo\/ -->\n<title>Sobre o Blog - Scarlett Seixas - Jornada de descobertas: Not\u00edcias e Lifestyle<\/title>\n<meta name=\"robots\" content=\"index, follow, max-snippet:-1, max-image-preview:large, max-video-preview:-1\" \/>\n<link rel=\"canonical\" href=\"https:\/\/scarlettseixas.com.br\/blog\/sobre-o-blog\/\" \/>\n<meta property=\"og:locale\" content=\"pt_BR\" \/>\n<meta property=\"og:type\" content=\"article\" \/>\n<meta property=\"og:title\" content=\"Sobre o Blog - Scarlett Seixas - Jornada de descobertas: Not\u00edcias e Lifestyle\" \/>\n<meta property=\"og:description\" content=\"Sobre o blog Bem-vindo(a) ao universo de Scarlett Seixas, um blog que te convida a...\" \/>\n<meta property=\"og:url\" content=\"https:\/\/scarlettseixas.com.br\/blog\/sobre-o-blog\/\" \/>\n<meta property=\"og:site_name\" content=\"Scarlett Seixas - Jornada de descobertas: Not\u00edcias e Lifestyle\" \/>\n<meta property=\"article:modified_time\" content=\"2023-07-11T18:27:36+00:00\" \/>\n<meta property=\"og:image\" content=\"https:\/\/scarlettseixas.com.br\/blog\/wp-content\/uploads\/2022\/03\/icon-perfil-obs-150x150.png\" \/>\n<meta name=\"twitter:card\" content=\"summary_large_image\" \/>\n<meta name=\"twitter:label1\" content=\"Est. tempo de leitura\" \/>\n\t<meta name=\"twitter:data1\" content=\"3 minutos\" \/>\n<script type=\"application\/ld+json\" class=\"yoast-schema-graph\">{\"@context\":\"https:\/\/schema.org\",\"@graph\":[{\"@type\":\"WebPage\",\"@id\":\"https:\/\/scarlettseixas.com.br\/blog\/sobre-o-blog\/\",\"url\":\"https:\/\/scarlettseixas.com.br\/blog\/sobre-o-blog\/\",\"name\":\"Sobre o Blog - Scarlett Seixas - Jornada de descobertas: Not\u00edcias e Lifestyle\",\"isPartOf\":{\"@id\":\"https:\/\/scarlettseixas.com.br\/blog\/#website\"},\"datePublished\":\"2022-03-13T22:39:13+00:00\",\"dateModified\":\"2023-07-11T18:27:36+00:00\",\"breadcrumb\":{\"@id\":\"https:\/\/scarlettseixas.com.br\/blog\/sobre-o-blog\/#breadcrumb\"},\"inLanguage\":\"pt-BR\",\"potentialAction\":[{\"@type\":\"ReadAction\",\"target\":[\"https:\/\/scarlettseixas.com.br\/blog\/sobre-o-blog\/\"]}]},{\"@type\":\"BreadcrumbList\",\"@id\":\"https:\/\/scarlettseixas.com.br\/blog\/sobre-o-blog\/#breadcrumb\",\"itemListElement\":[{\"@type\":\"ListItem\",\"position\":1,\"name\":\"In\u00edcio\",\"item\":\"https:\/\/scarlettseixas.com.br\/blog\/\"},{\"@type\":\"ListItem\",\"position\":2,\"name\":\"Sobre o Blog\"}]},{\"@type\":\"WebSite\",\"@id\":\"https:\/\/scarlettseixas.com.br\/blog\/#website\",\"url\":\"https:\/\/scarlettseixas.com.br\/blog\/\",\"name\":\"Scarlett Seixas - Jornada de descobertas: Not\u00edcias e Lifestyle\",\"description\":\"Scarlett Seixas, um blog que o(a) convida a embarcar em uma empolgante jornada de descobertas e explorar um estilo de vida vibrante.\",\"potentialAction\":[{\"@type\":\"SearchAction\",\"target\":{\"@type\":\"EntryPoint\",\"urlTemplate\":\"https:\/\/scarlettseixas.com.br\/blog\/?s={search_term_string}\"},\"query-input\":\"required name=search_term_string\"}],\"inLanguage\":\"pt-BR\"}]}<\/script>\n<!-- \/ Yoast SEO plugin. -->","yoast_head_json":{"title":"Sobre o Blog - Scarlett Seixas - Jornada de descobertas: Not\u00edcias e Lifestyle","robots":{"index":"index","follow":"follow","max-snippet":"max-snippet:-1","max-image-preview":"max-image-preview:large","max-video-preview":"max-video-preview:-1"},"canonical":"https:\/\/scarlettseixas.com.br\/blog\/sobre-o-blog\/","og_locale":"pt_BR","og_type":"article","og_title":"Sobre o Blog - Scarlett Seixas - Jornada de descobertas: Not\u00edcias e Lifestyle","og_description":"Sobre o blog Bem-vindo(a) ao universo de Scarlett Seixas, um blog que te convida a...","og_url":"https:\/\/scarlettseixas.com.br\/blog\/sobre-o-blog\/","og_site_name":"Scarlett Seixas - Jornada de descobertas: Not\u00edcias e Lifestyle","article_modified_time":"2023-07-11T18:27:36+00:00","og_image":[{"url":"https:\/\/scarlettseixas.com.br\/blog\/wp-content\/uploads\/2022\/03\/icon-perfil-obs-150x150.png"}],"twitter_card":"summary_large_image","twitter_misc":{"Est. tempo de leitura":"3 minutos"},"schema":{"@context":"https:\/\/schema.org","@graph":[{"@type":"WebPage","@id":"https:\/\/scarlettseixas.com.br\/blog\/sobre-o-blog\/","url":"https:\/\/scarlettseixas.com.br\/blog\/sobre-o-blog\/","name":"Sobre o Blog - Scarlett Seixas - Jornada de descobertas: Not\u00edcias e Lifestyle","isPartOf":{"@id":"https:\/\/scarlettseixas.com.br\/blog\/#website"},"datePublished":"2022-03-13T22:39:13+00:00","dateModified":"2023-07-11T18:27:36+00:00","breadcrumb":{"@id":"https:\/\/scarlettseixas.com.br\/blog\/sobre-o-blog\/#breadcrumb"},"inLanguage":"pt-BR","potentialAction":[{"@type":"ReadAction","target":["https:\/\/scarlettseixas.com.br\/blog\/sobre-o-blog\/"]}]},{"@type":"BreadcrumbList","@id":"https:\/\/scarlettseixas.com.br\/blog\/sobre-o-blog\/#breadcrumb","itemListElement":[{"@type":"ListItem","position":1,"name":"In\u00edcio","item":"https:\/\/scarlettseixas.com.br\/blog\/"},{"@type":"ListItem","position":2,"name":"Sobre o Blog"}]},{"@type":"WebSite","@id":"https:\/\/scarlettseixas.com.br\/blog\/#website","url":"https:\/\/scarlettseixas.com.br\/blog\/","name":"Scarlett Seixas - Jornada de descobertas: Not\u00edcias e Lifestyle","description":"Scarlett Seixas, um blog que o(a) convida a embarcar em uma empolgante jornada de descobertas e explorar um estilo de vida vibrante.","potentialAction":[{"@type":"SearchAction","target":{"@type":"EntryPoint","urlTemplate":"https:\/\/scarlettseixas.com.br\/blog\/?s={search_term_string}"},"query-input":"required name=search_term_string"}],"inLanguage":"pt-BR"}]}},"_links":{"self":[{"href":"https:\/\/scarlettseixas.com.br\/blog\/wp-json\/wp\/v2\/pages\/899","targetHints":{"allow":["GET"]}}],"collection":[{"href":"https:\/\/scarlettseixas.com.br\/blog\/wp-json\/wp\/v2\/pages"}],"about":[{"href":"https:\/\/scarlettseixas.com.br\/blog\/wp-json\/wp\/v2\/types\/page"}],"author":[{"embeddable":true,"href":"https:\/\/scarlettseixas.com.br\/blog\/wp-json\/wp\/v2\/users\/1"}],"replies":[{"embeddable":true,"href":"https:\/\/scarlettseixas.com.br\/blog\/wp-json\/wp\/v2\/comments?post=899"}],"version-history":[{"count":16,"href":"https:\/\/scarlettseixas.com.br\/blog\/wp-json\/wp\/v2\/pages\/899\/revisions"}],"predecessor-version":[{"id":1092,"href":"https:\/\/scarlettseixas.com.br\/blog\/wp-json\/wp\/v2\/pages\/899\/revisions\/1092"}],"wp:attachment":[{"href":"https:\/\/scarlettseixas.com.br\/blog\/wp-json\/wp\/v2\/media?parent=899"}],"curies":[{"name":"wp","href":"https:\/\/api.w.org\/{rel}","templated":true}]}}